{"id":2,"date":"2013-08-05T20:11:23","date_gmt":"2013-08-05T22:11:23","guid":{"rendered":"http:\/\/uniepre.com.br\/wordpress\/?page_id=2"},"modified":"2024-11-11T12:52:24","modified_gmt":"2024-11-11T14:52:24","slug":"home","status":"publish","type":"page","link":"https:\/\/www.uniepre.com.br\/blog\/","title":{"rendered":"Home"},"content":{"rendered":"<p><img loading=\"lazy\" decoding=\"async\" class=\"aligncenter wp-image-5012 size-full\" src=\"https:\/\/www.uniepre.com.br\/blog\/wp-content\/uploads\/2024\/11\/uniepre-2024.jpg\" alt=\"\" width=\"1024\" height=\"1062\" srcset=\"https:\/\/www.uniepre.com.br\/blog\/wp-content\/uploads\/2024\/11\/uniepre-2024.jpg 1024w, https:\/\/www.uniepre.com.br\/blog\/wp-content\/uploads\/2024\/11\/uniepre-2024-289x300.jpg 289w, https:\/\/www.uniepre.com.br\/blog\/wp-content\/uploads\/2024\/11\/uniepre-2024-987x1024.jpg 987w, https:\/\/www.uniepre.com.br\/blog\/wp-content\/uploads\/2024\/11\/uniepre-2024-768x797.jpg 768w\" sizes=\"auto, (max-width: 1024px) 100vw, 1024px\" \/><\/p>\n<p style=\"text-align: justify;\"><strong>Quem somos?<\/strong><br \/>Fundada h\u00e1 mais de 30 anos, a <strong><span style=\"color: #0000ff;\">Uni<span style=\"color: #ff0000;\">e<\/span>pre<\/span><\/strong> \u2013 Unidade de Educa\u00e7\u00e3o Pr\u00e9 \u2013\u00a0Escolar, \u00e9 uma Escola de Educa\u00e7\u00e3o Infantil centro de refer\u00eancia em Terceiriza\u00e7\u00e3o de Creches e Consultoria Educacional.<\/p>\n<p style=\"text-align: justify;\">Atualmente, s\u00e3o oito as unidades em funcionamento dentro das maiores ind\u00fastrias farmac\u00eauticas do Brasil, ind\u00fastrias de outros segmentos, bem como de autarquias p\u00fablicas, atendendo com excel\u00eancia a mais de 700 crian\u00e7as diariamente, e uma equipe de 260 profissionais nas \u00e1reas da pedagogia, da higiene ambiental e da nutri\u00e7\u00e3o infantil.<\/p>\n<p style=\"text-align: justify;\">Ap\u00f3s anos de atua\u00e7\u00e3o, e com a proje\u00e7\u00e3o positiva do nosso trabalho junto ao mercado educacional, a <strong><span style=\"color: #0000ff;\">Uni<span style=\"color: #ff0000;\">e<\/span>pre<\/span><\/strong> se tornou a maior Institui\u00e7\u00e3o de Educa\u00e7\u00e3o Infantil atuante em gest\u00e3o de creches dentro de empresas, tendo como diferencial competitivo a qualidade dos servi\u00e7os prestados pela nossa equipe, seja em qualquer contexto e\/ou localidade onde as empresas contratantes estejam inseridas, bem como pela pr\u00e1tica de um pre\u00e7o justo que possibilite as mesmas viabilizarem seu \u201cProjeto Creche\u201d. Esperamos daqui para frente cada vez mais ampliarmos nossa atua\u00e7\u00e3o junto a empres\u00e1rios que acreditem no nosso trabalho e no resultado que este benef\u00edcio tem na motiva\u00e7\u00e3o de suas equipes!<\/p>\n<p><b>Nossa Vis\u00e3o<\/b><\/p>\n<p>Ser a institui\u00e7\u00e3o refer\u00eancia em educa\u00e7\u00e3o da inf\u00e2ncia no Brasil, e at\u00e9 2028 estar entre as top 8 institui\u00e7\u00f5es na Am\u00e9rica Latina.<\/p>\n<p><b>Nossa Miss\u00e3o<\/b><\/p>\n<p><span style=\"font-size: revert;\">Oferecer educa\u00e7\u00e3o de excel\u00eancia na inf\u00e2ncia e processos de intelig\u00eancia e gest\u00e3o educacional, proporcionando tranquilidade e conforto para as fam\u00edlias e organiza\u00e7\u00f5es, com inova\u00e7\u00e3o e perenidade, incentivando comportamentos para gerar um futuro mais sustent\u00e1vel.<\/span><\/p>\n<p><b>Nossos Valores<\/b><\/p>\n<p>Preserva\u00e7\u00e3o da vida; Equidade; Verdade; Entusiasmo; Ousadia; Inova\u00e7\u00e3o; Respeito a todos os p\u00fablicos envolvidos e ao meio ambiente.<\/p>\n<p><b>Pol\u00edtica da Qualidade<\/b><\/p>\n<p><span style=\"font-size: revert;\">Desenvolver e oferecer educa\u00e7\u00e3o de excel\u00eancia na inf\u00e2ncia, e processos de intelig\u00eancia e gest\u00e3o educacional, com pesquisas, capacita\u00e7\u00e3o de profissionais, e opera\u00e7\u00f5es de alto n\u00edvel de qualidade, buscando a satisfa\u00e7\u00e3o dos clientes, a melhoria cont\u00ednua e o crescimento da empresa.<\/span><\/p>\n<section class=\"has_eae_slider elementor-section elementor-top-section elementor-element elementor-element-ae79ede elementor-section-boxed elementor-section-height-default elementor-section-height-default\" data-id=\"ae79ede\" data-element_type=\"section\" data-settings=\"{&quot;_ha_eqh_enable&quot;:false}\">\n<div class=\"elementor-container elementor-column-gap-default\">\n<div class=\"elementor-row\">\n<div class=\"has_eae_slider elementor-column elementor-col-100 elementor-top-column elementor-element elementor-element-b4c0cb0\" data-id=\"b4c0cb0\" data-element_type=\"column\">\n<div class=\"elementor-column-wrap elementor-element-populated\">\n<div class=\"elementor-widget-wrap\">\n<div class=\"elementor-element elementor-element-8587713 ha-infobox-media-dir-top elementor-widget elementor-widget-ha-infobox happy-addon ha-infobox\" data-id=\"8587713\" data-element_type=\"widget\" data-widget_type=\"ha-infobox.default\"><b style=\"font-size: revert;\">Objetivos da Qualidade<\/b><\/div>\n<div data-id=\"8587713\" data-element_type=\"widget\" data-widget_type=\"ha-infobox.default\">\u00a0<\/div>\n<div class=\"elementor-element elementor-element-8587713 ha-infobox-media-dir-top elementor-widget elementor-widget-ha-infobox happy-addon ha-infobox\" data-id=\"8587713\" data-element_type=\"widget\" data-widget_type=\"ha-infobox.default\"><span style=\"font-size: revert;\">&#8211; Capacita\u00e7\u00e3o de Profissionais;<\/span><\/div>\n<\/div>\n<\/div>\n<\/div>\n<\/div>\n<\/div>\n<\/section>\n<p>&#8211; Alta Qualidade Operacional;<br \/>&#8211; Satisfa\u00e7\u00e3o dos Clientes;<br \/>&#8211; Melhoria Cont\u00ednua;<br \/>&#8211; Crescimento da empresa.<\/p>\n<p style=\"text-align: justify;\"><strong>Como nasceu o blog <span style=\"color: #0000ff;\">Uni<span style=\"color: #ff0000;\">e<\/span>pre<\/span>?<\/strong><br \/>Pensando nas pr\u00e1ticas educativas acumuladas no percurso de 28 anos de atua\u00e7\u00e3o em Educa\u00e7\u00e3o Infantil, nasce a necessidade de organiz\u00e1-las num espa\u00e7o virtual que possa contribuir para a forma\u00e7\u00e3o de educadores apaixonados pelo Universo Cultural Infantil empenhados na forma\u00e7\u00e3o de um mundo melhor e mais educado.<br \/>Nossas publica\u00e7\u00f5es s\u00e3o frutos reais do dia a dia das unidades escolares nas quais a <strong><span style=\"color: #0000ff;\">Uni<span style=\"color: #ff0000;\">e<\/span>pre<\/span><\/strong> atua com crian\u00e7as de 4 meses a 5 anos e 11 meses.<\/p>\n<p style=\"text-align: justify;\"><strong>Objetivo do blog<\/strong><br \/>Compartilhar ideias, pr\u00e1ticas e reflex\u00f5es acerca do Universo Cultural Infantil<\/p>\n<p style=\"text-align: justify;\"><strong>Diretrizes pedag\u00f3gicas<\/strong><br \/>A Uniepre tem seus pensamentos e a\u00e7\u00f5es embasados por cinco diretrizes que legitimam nossas concep\u00e7\u00f5es de pessoa, de crian\u00e7a, de escola e de fam\u00edlia. S\u00e3o elas:<\/p>\n<p style=\"text-align: justify;\"><span style=\"color: #e9001d;\"><strong>AUTONOMIA:<\/strong><\/span>\u00a0A autonomia \u00e9 contemplada a partir do momento em que a crian\u00e7a realiza escolhas, faz movimentos livres e define seu pr\u00f3prio tempo.<br \/><span style=\"color: #e9001d;\"><strong>INDEPEND\u00caNCIA:<\/strong><\/span>\u00a0A independ\u00eancia \u00e9 conquistada a partir da consci\u00eancia corporal, que \u00e9 adquirida com o desenvolvimento das habilidades motoras que propiciam as descobertas das capacidades do pr\u00f3prio corpo na busca do saber fazer.<br \/><span style=\"color: #e9001d;\"><strong>IDENTIDADE:<\/strong><\/span>\u00a0A identidade ocorre quando a crian\u00e7a observa a imagem de si mesma refletida nos olhos dos seus educadores. Todas as impress\u00f5es s\u00e3o captadas pela crian\u00e7a e incorporadas em sua identidade.<br \/><span style=\"color: #e9001d;\"><strong>INTEGRA\u00c7\u00c3O:<\/strong><\/span>\u00a0A integra\u00e7\u00e3o verdadeira acontece com o apego que ajuda a crian\u00e7a a lidar com ela mesma como uma pessoa completa, aflorando o sentimento de \u201cimportar-se\u201d. Tal sentimento favorece o estabelecimento de boas rela\u00e7\u00f5es interpessoais.<br \/><span style=\"color: #e9001d;\"><strong>ACESSO \u00c0 CULTURA:<\/strong><\/span>\u00a0A cultura \u00e9 contemplada todos os dias, em tudo que \u00e9 feito com a crian\u00e7a. A l\u00edngua materna, a forma como \u00e9 alimentada, banhada e ninada, assim como o conv\u00edvio com a diversidade de pessoas e objetos j\u00e1 possibilitam o aprendizado da pr\u00f3pria cultura e de outras formas de ser e estar no mundo.<\/p>\n<p style=\"text-align: justify;\"><span style=\"font-size: 16px;\"><strong>Diretrizes em sa\u00fade<\/strong><\/span><\/p>\n<p><img loading=\"lazy\" decoding=\"async\" class=\"aligncenter wp-image-4375\" src=\"https:\/\/www.uniepre.com.br\/blog\/wp-content\/uploads\/2019\/03\/ciclo-987x1024.jpg\" alt=\"\" width=\"400\" height=\"415\" srcset=\"https:\/\/www.uniepre.com.br\/blog\/wp-content\/uploads\/2019\/03\/ciclo-987x1024.jpg 987w, https:\/\/www.uniepre.com.br\/blog\/wp-content\/uploads\/2019\/03\/ciclo-289x300.jpg 289w, https:\/\/www.uniepre.com.br\/blog\/wp-content\/uploads\/2019\/03\/ciclo-768x797.jpg 768w, https:\/\/www.uniepre.com.br\/blog\/wp-content\/uploads\/2019\/03\/ciclo.jpg 1024w\" sizes=\"auto, (max-width: 400px) 100vw, 400px\" \/><\/p>\n<p><b>Ser educador Uniepre<\/b><br \/><span style=\"color: #e9001d;\"><b><i>Este espa\u00e7o reconhece que motivar e coordenar os colaboradores e os educadores de uma institui\u00e7\u00e3o infantil significa um eterno desafio\u2026 Est\u00e1 longe de ser uma tarefa simples! Aqui abordamos e compartilhamos algumas reflex\u00f5es, dicas e experi\u00eancias das nossas pr\u00e1ticas\u2026<\/i><\/b><\/span><\/p>\n<p style=\"text-align: justify;\">Para n\u00f3s, da <strong><span style=\"color: #0000ff;\">Uni<span style=\"color: #ff0000;\">e<\/span>pre<\/span><\/strong>, o bem-estar dos colaboradores \u00e9 uma preocupa\u00e7\u00e3o constante. Acreditamos que se o colaborador n\u00e3o estiver bem a crian\u00e7a n\u00e3o ficar\u00e1 bem e, se a crian\u00e7a n\u00e3o estiver bem a fam\u00edlia tamb\u00e9m n\u00e3o estar\u00e1. E, para que fam\u00edlias e crian\u00e7as estejam bem, o educador tem que estar confort\u00e1vel sempre. Logo, o investimento que fazemos nos colaboradores n\u00e3o \u00e9 s\u00f3 em conhecimento, mas tamb\u00e9m na rela\u00e7\u00e3o humana.<\/p>\n<p style=\"text-align: justify;\">Um trabalho sens\u00edvel com crian\u00e7as e fam\u00edlias precisa de colaboradores alertas, bem dispostos e apaixonados pelo que fazem.<\/p>\n<p style=\"text-align: justify;\">Para tanto, realizamos forma\u00e7\u00f5es constantes atrav\u00e9s de reuni\u00f5es individuais ou coletivas com nossas educadoras.<\/p>\n<p style=\"text-align: justify;\">A <strong><span style=\"color: #0000ff;\">Uni<span style=\"color: #ff0000;\">e<\/span>pre<\/span><\/strong>\u00a0pensa no dueto corpo e alma como\u00a0 mescla da raz\u00e3o e da emo\u00e7\u00e3o, do pensar e do agir, agregando valor humano, enriquecendo o cora\u00e7\u00e3o, muitas vezes emocionando, e deixando em cada realiza\u00e7\u00e3o a mem\u00f3ria do trabalho significativo com talento, uni\u00e3o e exist\u00eancia. Acreditamos no aprender, no ensinar e no compartilhar, promovendo\u00a0<strong>C<em>ultura Humanizada<\/em><\/strong><em>,<\/em>\u00a0capacidade importante para\u00a0 a forma\u00e7\u00e3o pessoal que sustenta o trabalho saud\u00e1vel, tanto com as crian\u00e7as bem pequenas, como entre os adultos.<\/p>\n<p style=\"text-align: right;\"><strong>Fl\u00e1via Gusm\u00e3o<br \/>Diretora Pedag\u00f3gica<\/strong><\/p>\n\n\n<p><\/p>\n","protected":false},"excerpt":{"rendered":"<p>Quem somos?Fundada h\u00e1 mais de 30 anos, a Uniepre \u2013 Unidade de Educa\u00e7\u00e3o Pr\u00e9 \u2013\u00a0Escolar, \u00e9 uma Escola de Educa\u00e7\u00e3o [&hellip;]<\/p>\n","protected":false},"author":118,"featured_media":0,"parent":0,"menu_order":1,"comment_status":"closed","ping_status":"closed","template":"","meta":{"footnotes":""},"class_list":["post-2","page","type-page","status-publish","hentry"],"_links":{"self":[{"href":"https:\/\/www.uniepre.com.br\/blog\/wp-json\/wp\/v2\/pages\/2","targetHints":{"allow":["GET"]}}],"collection":[{"href":"https:\/\/www.uniepre.com.br\/blog\/wp-json\/wp\/v2\/pages"}],"about":[{"href":"https:\/\/www.uniepre.com.br\/blog\/wp-json\/wp\/v2\/types\/page"}],"author":[{"embeddable":true,"href":"https:\/\/www.uniepre.com.br\/blog\/wp-json\/wp\/v2\/users\/118"}],"replies":[{"embeddable":true,"href":"https:\/\/www.uniepre.com.br\/blog\/wp-json\/wp\/v2\/comments?post=2"}],"version-history":[{"count":58,"href":"https:\/\/www.uniepre.com.br\/blog\/wp-json\/wp\/v2\/pages\/2\/revisions"}],"predecessor-version":[{"id":5014,"href":"https:\/\/www.uniepre.com.br\/blog\/wp-json\/wp\/v2\/pages\/2\/revisions\/5014"}],"wp:attachment":[{"href":"https:\/\/www.uniepre.com.br\/blog\/wp-json\/wp\/v2\/media?parent=2"}],"curies":[{"name":"wp","href":"https:\/\/api.w.org\/{rel}","templated":true}]}}